{"id":640,"date":"2025-12-11T13:34:57","date_gmt":"2025-12-11T12:34:57","guid":{"rendered":"https:\/\/bezop.eu\/?page_id=640"},"modified":"2026-03-02T12:45:02","modified_gmt":"2026-03-02T11:45:02","slug":"prace-budowalne","status":"publish","type":"page","link":"https:\/\/bezop.eu\/index.php\/prace-budowalne\/","title":{"rendered":"Prace budowalne i wyko\u0144czeniowe"},"content":{"rendered":"<section class=\"av_textblock_section \"  itemscope=\"itemscope\" itemtype=\"https:\/\/schema.org\/CreativeWork\" ><div class='avia_textblock  '   itemprop=\"text\" ><h1 style=\"text-align: center;\"><em><span style=\"color: #ff9900;\"><strong><br \/>\n<br class=\"avia-permanent-lb\" \/><u>Prace budowlane, remonty i wyko\u0144czenia<\/u><\/strong><\/span><\/em><\/h1>\n<\/div><\/section>\n<p><div  style=' margin-top:5px; margin-bottom:35px;'  class='hr hr-custom hr-center hr-icon-no   avia-builder-el-1  el_after_av_textblock  el_before_av_one_third '><span class='hr-inner  inner-border-av-border-fat' style=' width:50px; border-color:#efbb20;' ><span class='hr-inner-style'><\/span><\/span><\/div><br \/>\n<div class=\"flex_column av_one_third  av-animated-generic bottom-to-top  flex_column_div av-zero-column-padding first  avia-builder-el-2  el_after_av_hr  el_before_av_two_third  \" style='border-radius:0px; '><\/div><br \/>\n<div class=\"flex_column av_two_third  av-animated-generic bottom-to-top  flex_column_div av-zero-column-padding   avia-builder-el-3  el_after_av_one_third  el_before_av_two_third  \" style='border-radius:0px; '><\/div><br \/>\n<div class=\"flex_column av_two_third  av-animated-generic bottom-to-top  flex_column_div av-zero-column-padding first  avia-builder-el-4  el_after_av_two_third  el_before_av_one_third  column-top-margin\" style='border-radius:0px; '><div  class='avia-image-container  av-styling-    avia-builder-el-5  avia-builder-el-no-sibling  avia-align-center '  itemprop=\"image\" itemscope=\"itemscope\" itemtype=\"https:\/\/schema.org\/ImageObject\"  ><div class='avia-image-container-inner'><div class='avia-image-overlay-wrap'><img decoding=\"async\" class='wp-image-666 avia-img-lazy-loading-not-666 avia_image' src=\"https:\/\/bezop.eu\/wp-content\/uploads\/2026\/03\/budowlane3-1030x773.jpeg\" alt='' title='budowlane3' height=\"773\" width=\"1030\"  itemprop=\"thumbnailUrl\" srcset=\"https:\/\/bezop.eu\/wp-content\/uploads\/2026\/03\/budowlane3-1030x773.jpeg 1030w, https:\/\/bezop.eu\/wp-content\/uploads\/2026\/03\/budowlane3-300x225.jpeg 300w, https:\/\/bezop.eu\/wp-content\/uploads\/2026\/03\/budowlane3-768x576.jpeg 768w, https:\/\/bezop.eu\/wp-content\/uploads\/2026\/03\/budowlane3-1536x1152.jpeg 1536w, https:\/\/bezop.eu\/wp-content\/uploads\/2026\/03\/budowlane3-2048x1536.jpeg 2048w, https:\/\/bezop.eu\/wp-content\/uploads\/2026\/03\/budowlane3-1500x1125.jpeg 1500w, https:\/\/bezop.eu\/wp-content\/uploads\/2026\/03\/budowlane3-705x529.jpeg 705w\" sizes=\"(max-width: 1030px) 100vw, 1030px\" \/><\/div><\/div><\/div><\/div><br \/>\n<div class=\"flex_column av_one_third  av-animated-generic bottom-to-top  flex_column_div av-zero-column-padding   avia-builder-el-6  el_after_av_two_third  el_before_av_one_third  column-top-margin\" style='border-radius:0px; '><p><div  style=' margin-top:10px; margin-bottom:10px;'  class='hr hr-custom hr-left hr-icon-no   avia-builder-el-7  el_before_av_textblock  avia-builder-el-first '><span class='hr-inner  inner-border-av-border-fat' style=' width:50px; border-color:#efbb20;' ><span class='hr-inner-style'><\/span><\/span><\/div><br \/>\n<section class=\"av_textblock_section \"  itemscope=\"itemscope\" itemtype=\"https:\/\/schema.org\/CreativeWork\" ><div class='avia_textblock  '   itemprop=\"text\" ><p data-start=\"315\" data-end=\"615\">Jeste\u015bmy firm\u0105 specjalizuj\u0105c\u0105 si\u0119 w <strong data-start=\"351\" data-end=\"392\">pracach budowlanych i wyko\u0144czeniowych<\/strong>, dzia\u0142aj\u0105c\u0105 na rynku z pe\u0142nym zaanga\u017cowaniem i dba\u0142o\u015bci\u0105 o jako\u015b\u0107. Realizujemy projekty dla klient\u00f3w indywidualnych oraz biznesowych \u2014 od niewielkich remont\u00f3w po kompleksowe wyko\u0144czenia dom\u00f3w, mieszka\u0144 i lokali u\u017cytkowych.<\/p>\n<p data-start=\"617\" data-end=\"780\">Stawiamy na <strong data-start=\"629\" data-end=\"673\">rzetelno\u015b\u0107, terminowo\u015b\u0107 i profesjonalizm<\/strong>, a ka\u017cde zlecenie traktujemy indywidualnie, dobieraj\u0105c najlepsze rozwi\u0105zania technologiczne i materia\u0142owe.<\/p>\n<p data-start=\"1951\" data-end=\"2119\">\n<\/div><\/section><\/p><\/div><br \/>\n<div class=\"flex_column av_one_third  av-animated-generic bottom-to-top  flex_column_div av-zero-column-padding first  avia-builder-el-9  el_after_av_one_third  el_before_av_two_third  column-top-margin\" style='border-radius:0px; '><p><div  style=' margin-top:10px; margin-bottom:10px;'  class='hr hr-custom hr-left hr-icon-no   avia-builder-el-10  el_before_av_textblock  avia-builder-el-first '><span class='hr-inner  inner-border-av-border-fat' style=' width:50px; border-color:#efbb20;' ><span class='hr-inner-style'><\/span><\/span><\/div><br \/>\n<section class=\"av_textblock_section \"  itemscope=\"itemscope\" itemtype=\"https:\/\/schema.org\/CreativeWork\" ><div class='avia_textblock  '   itemprop=\"text\" ><p data-start=\"787\" data-end=\"805\"><strong>REMONTY I WYKO\u0143CZENIA WN\u0118TRZ \u2013 SOLIDNIE I TERMINOWO<\/strong><\/p>\n<p data-start=\"787\" data-end=\"805\">Oferuj\u0119 kompleksowe us\u0142ugi remontowo-wyko\u0144czeniowe mieszka\u0144, dom\u00f3w oraz lokali u\u017cytkowych.<\/p>\n<p data-start=\"787\" data-end=\"805\">\n<p data-start=\"787\" data-end=\"805\"><strong data-start=\"789\" data-end=\"805\">Nasze us\u0142ugi<\/strong><\/p>\n<ul data-start=\"1429\" data-end=\"1685\">\n<li data-start=\"1429\" data-end=\"1482\">\n<p data-start=\"1431\" data-end=\"1482\">Prace budowlane<\/p>\n<\/li>\n<li data-start=\"1429\" data-end=\"1482\">\n<p data-start=\"1431\" data-end=\"1482\">G\u0142adzie, malowanie, tapetowanie<\/p>\n<\/li>\n<li data-start=\"1525\" data-end=\"1576\">\n<p data-start=\"1527\" data-end=\"1576\">Uk\u0142adanie paneli, parkietu, p\u0142ytek<\/p>\n<\/li>\n<li data-start=\"1525\" data-end=\"1576\">\n<p data-start=\"1527\" data-end=\"1576\">Monta\u017c kamienia dekoracyjnego i p\u0142ytek kamiennych<\/p>\n<\/li>\n<li data-start=\"1525\" data-end=\"1576\">Monta\u017c p\u0142ytek spiekowych<\/li>\n<li data-start=\"1577\" data-end=\"1637\">\n<p data-start=\"1579\" data-end=\"1637\">Monta\u017c sufit\u00f3w podwieszanych i \u015bcianek GK<\/p>\n<\/li>\n<li data-start=\"1577\" data-end=\"1637\">\n<p data-start=\"1579\" data-end=\"1637\">Bia\u0142y monta\u017c (\u0142azienki, kuchnie)<\/p>\n<\/li>\n<li data-start=\"1577\" data-end=\"1637\">Drobne naprawy i prace modernizacyjne\n<p data-start=\"1579\" data-end=\"1637\">\n<\/li>\n<\/ul>\n<\/div><\/section><\/p><\/div><div class=\"flex_column av_two_third  av-animated-generic bottom-to-top  flex_column_div av-zero-column-padding   avia-builder-el-12  el_after_av_one_third  el_before_av_two_third  column-top-margin\" style='border-radius:0px; '><p><div  style=' margin-top:10px; margin-bottom:10px;'  class='hr hr-custom hr-left hr-icon-no   avia-builder-el-13  el_before_av_image  avia-builder-el-first '><span class='hr-inner  inner-border-av-border-fat' style=' width:50px; border-color:#efbb20;' ><span class='hr-inner-style'><\/span><\/span><\/div><br \/>\n<div  class='avia-image-container  av-styling-    avia-builder-el-14  el_after_av_hr  avia-builder-el-last  avia-align-center '  itemprop=\"image\" itemscope=\"itemscope\" itemtype=\"https:\/\/schema.org\/ImageObject\"  ><div class='avia-image-container-inner'><div class='avia-image-overlay-wrap'><img decoding=\"async\" class='wp-image-656 avia-img-lazy-loading-not-656 avia_image' src=\"https:\/\/bezop.eu\/wp-content\/uploads\/2026\/03\/budowlane2-1030x773.jpeg\" alt='' title='budowlane2' height=\"773\" width=\"1030\"  itemprop=\"thumbnailUrl\" srcset=\"https:\/\/bezop.eu\/wp-content\/uploads\/2026\/03\/budowlane2-1030x773.jpeg 1030w, https:\/\/bezop.eu\/wp-content\/uploads\/2026\/03\/budowlane2-300x225.jpeg 300w, https:\/\/bezop.eu\/wp-content\/uploads\/2026\/03\/budowlane2-768x576.jpeg 768w, https:\/\/bezop.eu\/wp-content\/uploads\/2026\/03\/budowlane2-1536x1152.jpeg 1536w, https:\/\/bezop.eu\/wp-content\/uploads\/2026\/03\/budowlane2-2048x1536.jpeg 2048w, https:\/\/bezop.eu\/wp-content\/uploads\/2026\/03\/budowlane2-1500x1125.jpeg 1500w, https:\/\/bezop.eu\/wp-content\/uploads\/2026\/03\/budowlane2-705x529.jpeg 705w\" sizes=\"(max-width: 1030px) 100vw, 1030px\" \/><\/div><\/div><\/div><\/p><\/div><br \/>\n<div class=\"flex_column av_two_third  av-animated-generic bottom-to-top  flex_column_div av-zero-column-padding first  avia-builder-el-15  el_after_av_two_third  el_before_av_one_third  column-top-margin\" style='border-radius:0px; '><p><div  class='avia-image-container  av-styling-    avia-builder-el-16  el_before_av_hr  avia-builder-el-first  avia-align-center '  itemprop=\"image\" itemscope=\"itemscope\" itemtype=\"https:\/\/schema.org\/ImageObject\"  ><div class='avia-image-container-inner'><div class='avia-image-overlay-wrap'><img decoding=\"async\" class='wp-image-673 avia-img-lazy-loading-not-673 avia_image' src=\"https:\/\/bezop.eu\/wp-content\/uploads\/2026\/03\/budowlane5-934x1030.jpeg\" alt='' title='budowlane5' height=\"1030\" width=\"934\"  itemprop=\"thumbnailUrl\" srcset=\"https:\/\/bezop.eu\/wp-content\/uploads\/2026\/03\/budowlane5-934x1030.jpeg 934w, https:\/\/bezop.eu\/wp-content\/uploads\/2026\/03\/budowlane5-272x300.jpeg 272w, https:\/\/bezop.eu\/wp-content\/uploads\/2026\/03\/budowlane5-768x847.jpeg 768w, https:\/\/bezop.eu\/wp-content\/uploads\/2026\/03\/budowlane5-1393x1536.jpeg 1393w, https:\/\/bezop.eu\/wp-content\/uploads\/2026\/03\/budowlane5-1858x2048.jpeg 1858w, https:\/\/bezop.eu\/wp-content\/uploads\/2026\/03\/budowlane5-1361x1500.jpeg 1361w, https:\/\/bezop.eu\/wp-content\/uploads\/2026\/03\/budowlane5-640x705.jpeg 640w\" sizes=\"(max-width: 934px) 100vw, 934px\" \/><\/div><\/div><\/div><br \/>\n<div  style=' margin-top:10px; margin-bottom:10px;'  class='hr hr-custom hr-left hr-icon-no   avia-builder-el-17  el_after_av_image  avia-builder-el-last '><span class='hr-inner  inner-border-av-border-fat' style=' width:50px; border-color:#efbb20;' ><span class='hr-inner-style'><\/span><\/span><\/div><\/p><\/div><br \/>\n<div class=\"flex_column av_one_third  av-animated-generic bottom-to-top  flex_column_div av-zero-column-padding   avia-builder-el-18  el_after_av_two_third  avia-builder-el-last  column-top-margin\" style='border-radius:0px; '><p><div  style=' margin-top:10px; margin-bottom:10px;'  class='hr hr-custom hr-left hr-icon-no   avia-builder-el-19  el_before_av_textblock  avia-builder-el-first '><span class='hr-inner  inner-border-av-border-fat' style=' width:50px; border-color:#efbb20;' ><span class='hr-inner-style'><\/span><\/span><\/div><br \/>\n<section class=\"av_textblock_section \"  itemscope=\"itemscope\" itemtype=\"https:\/\/schema.org\/CreativeWork\" ><div class='avia_textblock  '   itemprop=\"text\" ><p data-start=\"1409\" data-end=\"1427\"><strong data-start=\"1411\" data-end=\"1427\">Dlaczego my?<\/strong><\/p>\n<ul data-start=\"1429\" data-end=\"1685\">\n<li data-start=\"1429\" data-end=\"1482\">\n<p data-start=\"1431\" data-end=\"1482\">Fachowe doradztwo<\/p>\n<\/li>\n<li data-start=\"1429\" data-end=\"1482\">\n<p data-start=\"1431\" data-end=\"1482\">Darmowa wycena<\/p>\n<\/li>\n<li data-start=\"1525\" data-end=\"1576\">\n<p data-start=\"1527\" data-end=\"1576\">Konkurencyjne ceny<\/p>\n<\/li>\n<li data-start=\"1577\" data-end=\"1637\">\n<p data-start=\"1579\" data-end=\"1637\">Terminowa realizacja<\/p>\n<\/li>\n<\/ul>\n<p data-start=\"1692\" data-end=\"1708\"><strong data-start=\"1694\" data-end=\"1708\"><br \/>\nRealizacje<\/strong><\/p>\n<p data-start=\"1710\" data-end=\"1915\">Ka\u017cdy projekt traktujemy jako wizyt\u00f3wk\u0119 naszej firmy. Dbamy o czysto\u015b\u0107 pracy, precyzj\u0119 wyko\u0144cze\u0144 oraz satysfakcj\u0119 klienta. Na \u017cyczenie udost\u0119pniamy portfolio realizacji oraz referencje od naszych klient\u00f3w.<\/p>\n<p><strong data-start=\"1924\" data-end=\"1949\">Skontaktuj si\u0119 z nami<\/strong><\/p>\n<p data-start=\"1951\" data-end=\"2119\">Masz projekt, kt\u00f3ry chcesz zrealizowa\u0107? A mo\u017ce potrzebujesz fachowej porady?<br data-start=\"2027\" data-end=\"2030\" \/>Zapraszamy do kontaktu \u2014 przygotujemy indywidualn\u0105 wycen\u0119 i om\u00f3wimy szczeg\u00f3\u0142y wsp\u00f3\u0142pracy.<\/p>\n<p data-start=\"1951\" data-end=\"2119\">\n<p data-start=\"1951\" data-end=\"2119\">Pracujemy solidnie, czysto i zgodnie z ustaleniami.<\/p>\n<\/div><\/section><\/p><\/div><\/p>\n","protected":false},"excerpt":{"rendered":"","protected":false},"author":1,"featured_media":0,"parent":0,"menu_order":0,"comment_status":"closed","ping_status":"closed","template":"","meta":{"footnotes":""},"class_list":["post-640","page","type-page","status-publish","hentry"],"_links":{"self":[{"href":"https:\/\/bezop.eu\/index.php\/wp-json\/wp\/v2\/pages\/640","targetHints":{"allow":["GET"]}}],"collection":[{"href":"https:\/\/bezop.eu\/index.php\/wp-json\/wp\/v2\/pages"}],"about":[{"href":"https:\/\/bezop.eu\/index.php\/wp-json\/wp\/v2\/types\/page"}],"author":[{"embeddable":true,"href":"https:\/\/bezop.eu\/index.php\/wp-json\/wp\/v2\/users\/1"}],"replies":[{"embeddable":true,"href":"https:\/\/bezop.eu\/index.php\/wp-json\/wp\/v2\/comments?post=640"}],"version-history":[{"count":29,"href":"https:\/\/bezop.eu\/index.php\/wp-json\/wp\/v2\/pages\/640\/revisions"}],"predecessor-version":[{"id":686,"href":"https:\/\/bezop.eu\/index.php\/wp-json\/wp\/v2\/pages\/640\/revisions\/686"}],"wp:attachment":[{"href":"https:\/\/bezop.eu\/index.php\/wp-json\/wp\/v2\/media?parent=640"}],"curies":[{"name":"wp","href":"https:\/\/api.w.org\/{rel}","templated":true}]}}