{"id":567,"date":"2021-05-20T08:34:08","date_gmt":"2021-05-20T06:34:08","guid":{"rendered":"https:\/\/bezop.eu\/?page_id=567"},"modified":"2021-05-20T08:44:50","modified_gmt":"2021-05-20T06:44:50","slug":"praca","status":"publish","type":"page","link":"https:\/\/bezop.eu\/index.php\/praca\/","title":{"rendered":"Praca"},"content":{"rendered":"<div id='full_slider_1'  class='avia-fullwidth-slider main_color avia-shadow   avia-builder-el-0  el_before_av_section  avia-builder-el-first   container_wrap sidebar_right' style=' '  ><div   data-size='featured_large'  data-lightbox_size='large'  data-animation='fade'  data-conditional_play=''  data-ids='570'  data-video_counter='0'  data-autoplay='true'  data-bg_slider='false'  data-slide_height=''  data-handle='av_slideshow_full'  data-interval='5'  data-class=' '  data-el_id=''  data-css_id=''  data-scroll_down=''  data-control_layout='av-control-hidden'  data-custom_markup=''  data-perma_caption=''  data-autoplay_stopper=''  data-image_attachment=''  data-min_height='0px'  data-lazy_loading='disabled'  data-src=''  data-position='top left'  data-repeat='no-repeat'  data-attach='scroll'  data-stretch=''  data-default-height='42'  class='avia-slideshow avia-slideshow-1  av-control-hidden av-default-height-applied avia-slideshow-featured_large av_slideshow_full   avia-fade-slider '  itemprop=\"image\" itemscope=\"itemscope\" itemtype=\"https:\/\/schema.org\/ImageObject\" ><ul class='avia-slideshow-inner ' style='padding-bottom: 42%;' ><li  class=' av-single-slide slide-1 ' ><div data-rel='slideshow-1' class='avia-slide-wrap '   ><img decoding=\"async\" class=\"wp-image-570 avia-img-lazy-loading-not-570\"  src=\"https:\/\/bezop.eu\/wp-content\/uploads\/2021\/05\/cytonn-photography-n95VMLxqM2I-unsplash-1500x630.jpg\" width=\"1500\" height=\"630\" title='cytonn-photography-n95VMLxqM2I-unsplash' alt=''  itemprop=\"thumbnailUrl\"   \/><\/div><\/li><\/ul><\/div><\/div>\n<div id='av_section_1'  class='avia-section main_color avia-section-large avia-no-shadow  avia-bg-style-scroll  avia-builder-el-1  el_after_av_slideshow_full  avia-builder-el-last   container_wrap sidebar_right' style='background-color: #2c353d;  '  ><div class='container' ><div class='template-page content  av-content-small alpha units'><div class='post-entry post-entry-type-page post-entry-567'><div class='entry-content-wrapper clearfix'>\n<div class=\"flex_column av_one_full  av-animated-generic bottom-to-top  flex_column_div first  avia-builder-el-2  avia-builder-el-no-sibling  \" style='border-width:1px; border-color:#e1e1e1; border-style:solid; padding:20px; background-color:#ffffff; border-radius:0px; '><section class=\"av_textblock_section \"  itemscope=\"itemscope\" itemtype=\"https:\/\/schema.org\/CreativeWork\" ><div class='avia_textblock  '   itemprop=\"text\" ><p>Firma <strong>Bezop Sp. z o.o. <\/strong>z siedzib\u0105 w \u015awieciu zajmuj\u0105ca si\u0119\u00a0 handlem wyrobami aluminiowymi. Oferuj\u0105ca szeroki wachlarz produkt\u00f3w od greckiego producenta ALUMINCO poszukuje os\u00f3b zainteresowanych podj\u0119ciem pracy na stanowisku:<\/p>\n<h2 style=\"text-align: center;\"><strong>Przedstawiciel Handlowy<\/strong><\/h2>\n<p>Region: wojew\u00f3dztwo Kujawsko-Pomorskie, Pomorskie, zachodniopomorskie, mazowieckie, \u0142\u00f3dzkie, \u015bl\u0105skie, ma\u0142opolskie.<\/p>\n<p><strong>Zakres obowi\u0105zk\u00f3w:<\/strong><\/p>\n<ul>\n<li>Pozyskiwanie nowych Klient\u00f3w;<\/li>\n<li>Prowadzenie rozm\u00f3w i negocjacji handlowych z Klientem;<\/li>\n<li>Budowanie i utrzymywanie d\u0142ugotrwa\u0142ych relacji z Klientem;<\/li>\n<li>Realizacja wyznaczonych plan\u00f3w sprzeda\u017cowych;<\/li>\n<li>Przygotowywanie i prezentowanie ofert handlowych;<\/li>\n<li>Doradztwo w zakresie oferowanych produkt\u00f3w.<\/li>\n<\/ul>\n<p><strong>Wymagania:<\/strong><\/p>\n<ul>\n<li>Wykszta\u0142cenie minimum \u015brednie;<\/li>\n<li>Minimum roczne do\u015bwiadczenie w sprzeda\u017cy wyrob\u00f3w aluminiowych;<\/li>\n<li>Komunikatywno\u015b\u0107 i \u0142atwo\u015b\u0107 w nawi\u0105zywaniu kontakt\u00f3w;<\/li>\n<li>Znajomo\u015b\u0107 technik sprzeda\u017cy;<\/li>\n<li>Nastawienie na rozw\u00f3j i osi\u0105ganie wyznaczonych cel\u00f3w;<\/li>\n<li>dobra organizacja pracy, dyspozycyjno\u015b\u0107, komunikatywno\u015b\u0107.<\/li>\n<\/ul>\n<p><strong>Oferujemy:<\/strong><\/p>\n<ul>\n<li>Umow\u0119 o prac\u0119 na pe\u0142en etat;<\/li>\n<li>Atrakcyjne warunki zatrudnienia zale\u017cne od do\u015bwiadczenia i posiadanych kompetencji;<\/li>\n<li>Kompleksowe szkolenie produktowe;<\/li>\n<li>Ciekaw\u0105, pe\u0142n\u0105 wyzwa\u0144 prac\u0119 w przyjaznym otoczeniu;<\/li>\n<li>Niezb\u0119dne narz\u0119dzia pracy (auto s\u0142u\u017cbowe, laptop, telefon).<\/li>\n<\/ul>\n<p>Uprzejmie informujemy, \u017ce skontaktujemy si\u0119 z wybranymi kandydatami.<\/p>\n<p>Zainteresowane osoby prosimy o przes\u0142anie dokument\u00f3w aplikacyjnych na adres e-mail:\u00a0 <a href=\"mailto:sekretariat@bezop.eu\">sekretariat@bezop.eu<\/a><\/p>\n<\/div><\/section><\/div><\/div><\/div><\/div><!-- close content main div --><\/div><\/div><div id='after_section_1'  class='main_color av_default_container_wrap container_wrap sidebar_right' style=' '  ><div class='container' ><div class='template-page content  av-content-small alpha units'><div class='post-entry post-entry-type-page post-entry-567'><div class='entry-content-wrapper clearfix'>\n","protected":false},"excerpt":{"rendered":"","protected":false},"author":1,"featured_media":0,"parent":0,"menu_order":0,"comment_status":"closed","ping_status":"closed","template":"","meta":{"footnotes":""},"class_list":["post-567","page","type-page","status-publish","hentry"],"_links":{"self":[{"href":"https:\/\/bezop.eu\/index.php\/wp-json\/wp\/v2\/pages\/567","targetHints":{"allow":["GET"]}}],"collection":[{"href":"https:\/\/bezop.eu\/index.php\/wp-json\/wp\/v2\/pages"}],"about":[{"href":"https:\/\/bezop.eu\/index.php\/wp-json\/wp\/v2\/types\/page"}],"author":[{"embeddable":true,"href":"https:\/\/bezop.eu\/index.php\/wp-json\/wp\/v2\/users\/1"}],"replies":[{"embeddable":true,"href":"https:\/\/bezop.eu\/index.php\/wp-json\/wp\/v2\/comments?post=567"}],"version-history":[{"count":3,"href":"https:\/\/bezop.eu\/index.php\/wp-json\/wp\/v2\/pages\/567\/revisions"}],"predecessor-version":[{"id":573,"href":"https:\/\/bezop.eu\/index.php\/wp-json\/wp\/v2\/pages\/567\/revisions\/573"}],"wp:attachment":[{"href":"https:\/\/bezop.eu\/index.php\/wp-json\/wp\/v2\/media?parent=567"}],"curies":[{"name":"wp","href":"https:\/\/api.w.org\/{rel}","templated":true}]}}