{"id":541,"date":"2021-04-28T11:16:00","date_gmt":"2021-04-28T09:16:00","guid":{"rendered":"https:\/\/bezop.eu\/?page_id=541"},"modified":"2021-04-28T11:43:19","modified_gmt":"2021-04-28T09:43:19","slug":"julietta","status":"publish","type":"page","link":"https:\/\/bezop.eu\/index.php\/produkty\/julietta\/","title":{"rendered":"Julietta"},"content":{"rendered":"<div   data-size='featured_large'  data-lightbox_size='large'  data-animation='fade'  data-conditional_play=''  data-ids='547'  data-video_counter='0'  data-autoplay='true'  data-bg_slider='false'  data-slide_height=''  data-handle='av_slideshow'  data-interval='5'  data-class=' avia-builder-el-0  el_before_av_one_full  avia-builder-el-first  '  data-el_id=''  data-css_id=''  data-scroll_down=''  data-control_layout='av-control-hidden'  data-custom_markup=''  data-perma_caption=''  data-autoplay_stopper=''  data-image_attachment=''  data-min_height='0px'  data-lazy_loading='disabled'  data-default-height='42'  class='avia-slideshow avia-slideshow-1  av-control-hidden av-default-height-applied avia-slideshow-featured_large av_slideshow  avia-builder-el-0  el_before_av_one_full  avia-builder-el-first   avia-fade-slider '  itemprop=\"image\" itemscope=\"itemscope\" itemtype=\"https:\/\/schema.org\/ImageObject\" ><ul class='avia-slideshow-inner ' style='padding-bottom: 42%;' ><li  class=' av-single-slide slide-1 ' ><div data-rel='slideshow-1' class='avia-slide-wrap '   ><img decoding=\"async\" class=\"wp-image-547 avia-img-lazy-loading-not-547\"  src=\"https:\/\/bezop.eu\/wp-content\/uploads\/2021\/04\/ALU_GLT_EF_B_6Kv3_01-1500x630.jpg\" width=\"1500\" height=\"630\" title='ALU_GLT_EF_B_6Kv3_01' alt=''  itemprop=\"thumbnailUrl\"   \/><\/div><\/li><\/ul><\/div>\n<div class=\"flex_column av_one_full  av-animated-generic bottom-to-top  flex_column_div av-zero-column-padding first  avia-builder-el-1  el_after_av_slideshow  el_before_av_one_half  \" style='margin-top:0px; margin-bottom:0px; border-radius:0px; '><p><div  style='padding-bottom:0px; ' class='av-special-heading av-special-heading-h2  blockquote modern-quote  avia-builder-el-2  el_before_av_hr  avia-builder-el-first  '><h2 class='av-special-heading-tag '  itemprop=\"headline\"  >Julietta<\/h2><div class='special-heading-border'><div class='special-heading-inner-border' ><\/div><\/div><\/div><br \/>\n<div  style=' margin-top:10px; margin-bottom:10px;'  class='hr hr-custom hr-left hr-icon-no   avia-builder-el-3  el_after_av_heading  avia-builder-el-last '><span class='hr-inner  inner-border-av-border-fat' style=' width:50px; border-color:#efbb20;' ><span class='hr-inner-style'><\/span><\/span><\/div><\/p><\/div><div class=\"flex_column av_one_half  av-animated-generic bottom-to-top  flex_column_div av-zero-column-padding first  avia-builder-el-4  el_after_av_one_full  el_before_av_one_half  column-top-margin\" style='margin-top:0px; margin-bottom:0px; border-radius:0px; '><section class=\"av_textblock_section \"  itemscope=\"itemscope\" itemtype=\"https:\/\/schema.org\/CreativeWork\" ><div class='avia_textblock  '   itemprop=\"text\" ><p>Julietta, system opracowany przez ALUMINCO, oferuje wsp\u00f3\u0142czesne rozwi\u0105zanie problemu braku balkonu przy u\u017cyciu minimalistycznych, lecz wytrzyma\u0142ych konstrukcji.<\/p>\n<p>Nowoczesne budownictwo stosuje pe\u0142nej wysoko\u015bci okna i drzwi w celu uzyskania poczucia wi\u0119kszej przestrzeni w ma\u0142ych pomieszczeniach. Dzi\u0119ki temu pole widzenia na \u015bwiat zewn\u0119trzny poszerza si\u0119.<\/p>\n<p>W takich przypadkach, w obliczu braku typowego balkonu, z pomoc\u0105 przychodzi Julietta, oferuj\u0105c stylowe i funkcjonalne rozwi\u0105zanie. Pe\u0142ni\u0105c rol\u0119 barierki lub por\u0119czy zamocowanej po zewn\u0119trznej stronie pe\u0142nych okien i drzwi, kt\u00f3re nie prowadz\u0105 na typowy balkon, Julietta zapewnia przede wszystkim poczucie bezpiecze\u0144stwa, nie ograniczaj\u0105c jednocze\u015bnie<br \/>\nwidoku z okna.<\/p>\n<\/div><\/section><\/div><div class=\"flex_column av_one_half  av-animated-generic bottom-to-top  flex_column_div av-zero-column-padding   avia-builder-el-6  el_after_av_one_half  el_before_av_one_half  column-top-margin\" style='margin-top:0px; margin-bottom:0px; border-radius:0px; '><section class=\"av_textblock_section \"  itemscope=\"itemscope\" itemtype=\"https:\/\/schema.org\/CreativeWork\" ><div class='avia_textblock  '   itemprop=\"text\" ><p>Dost\u0119pna w dw\u00f3ch wariantach i pi\u0119ciu ubarwieniach, Julietta wygl\u0105da bardzo obiecuj\u0105co.<br \/>\nWarianty:<\/p>\n<ul>\n<li>JLT06-1000<\/li>\n<li>JLT06-1100<\/li>\n<\/ul>\n<p>Kolory:<\/p>\n<ul>\n<li>RAL 9016<\/li>\n<li>RAL 9005<\/li>\n<li>9005 MATT<\/li>\n<li>420 Anodowy<\/li>\n<li>Czarny anodowy<\/li>\n<\/ul>\n<\/div><\/section><\/div><div class=\"flex_column av_one_half  flex_column_div av-zero-column-padding first  avia-builder-el-8  el_after_av_one_half  el_before_av_one_half  column-top-margin\" style='border-radius:0px; '><div  class='avia-button-wrap avia-button-center  avia-builder-el-9  avia-builder-el-no-sibling ' ><a href='https:\/\/bezop.eu\/julietta.pdf'  class='avia-button  avia-color-dark   avia-icon_select-yes-left-icon avia-size-large avia-position-center '  target=\"_blank\"  rel=\"noopener noreferrer\"  ><span class='avia_button_icon avia_button_icon_left ' aria-hidden='true' data-av_icon='\ue84e' data-av_iconfont='entypo-fontello'><\/span><span class='avia_iconbox_title' >Pobierz katalog<\/span><\/a><\/div><\/div><div class=\"flex_column av_one_half  flex_column_div av-zero-column-padding   avia-builder-el-10  el_after_av_one_half  el_before_av_hr  column-top-margin\" style='border-radius:0px; '><div  class='avia-button-wrap avia-button-center  avia-builder-el-11  avia-builder-el-no-sibling ' ><a href='https:\/\/bezop.eu\/index.php\/kontakt\/'  class='avia-button  avia-color-dark   avia-icon_select-yes-left-icon avia-size-large avia-position-center '   ><span class='avia_button_icon avia_button_icon_left ' aria-hidden='true' data-av_icon='\ue836' data-av_iconfont='entypo-fontello'><\/span><span class='avia_iconbox_title' >Skontaktuj si\u0119 z nami!<\/span><\/a><\/div><\/div><br \/>\n<div  style='height:50px' class='hr hr-invisible   avia-builder-el-12  el_after_av_one_half  el_before_av_textblock '><span class='hr-inner ' ><span class='hr-inner-style'><\/span><\/span><\/div><\/p>\n<section class=\"av_textblock_section \"  itemscope=\"itemscope\" itemtype=\"https:\/\/schema.org\/CreativeWork\" ><div class='avia_textblock  '   itemprop=\"text\" ><p>Zalety:<\/p>\n<ul>\n<li>Bezpieczna barierka o minimalistycznej formie<\/li>\n<li>Szybki i \u0142atwy monta\u017c<\/li>\n<li>Wydajne ekonomicznie rozwi\u0105zanie<\/li>\n<li>Dost\u0119pne w trzech wersjach o r\u00f3\u017cnych grubo\u015bciach p\u0142yty szklanej<\/li>\n<li>Mocowanie do \u015bciany lub do ramy okiennej, mo\u017cliwo\u015b\u0107 monta\u017cu na ramach aluminiowych<\/li>\n<li>Mo\u017cliwo\u015b\u0107 zastosowania innych wype\u0142nie\u0144<\/li>\n<li>Mo\u017cliwo\u015b\u0107 zamontowania g\u00f3rnego uchwytu<\/li>\n<\/ul>\n<p>W wersji podstawowej Julietta wykorzystuje szklane p\u0142yty, dzi\u0119ki czemu oferuje estetyczne, \u0142atwe w monta\u017cu rozwi\u0105zanie, kt\u00f3re jest praktycznie bezobs\u0142ugowe i bardzo solidne. Pozwala to uzyska\u0107 bardzo czysty, schludny wygl\u0105d, bez \u017cadnych poziomych lub pionowych element\u00f3w albo mocowa\u0144 do szk\u0142a, kt\u00f3re zas\u0142ania\u0142yby widok z wewn\u0105trz, Julietta mo\u017ce by\u0107 te\u017c uzupe\u0142niona o g\u00f3rn\u0105 por\u0119cz dost\u0119pn\u0105 w trzech r\u00f3\u017cnych rozmiarach.<\/p>\n<\/div><\/section>\n","protected":false},"excerpt":{"rendered":"","protected":false},"author":1,"featured_media":83,"parent":25,"menu_order":0,"comment_status":"closed","ping_status":"closed","template":"","meta":{"footnotes":""},"class_list":["post-541","page","type-page","status-publish","has-post-thumbnail","hentry"],"_links":{"self":[{"href":"https:\/\/bezop.eu\/index.php\/wp-json\/wp\/v2\/pages\/541","targetHints":{"allow":["GET"]}}],"collection":[{"href":"https:\/\/bezop.eu\/index.php\/wp-json\/wp\/v2\/pages"}],"about":[{"href":"https:\/\/bezop.eu\/index.php\/wp-json\/wp\/v2\/types\/page"}],"author":[{"embeddable":true,"href":"https:\/\/bezop.eu\/index.php\/wp-json\/wp\/v2\/users\/1"}],"replies":[{"embeddable":true,"href":"https:\/\/bezop.eu\/index.php\/wp-json\/wp\/v2\/comments?post=541"}],"version-history":[{"count":4,"href":"https:\/\/bezop.eu\/index.php\/wp-json\/wp\/v2\/pages\/541\/revisions"}],"predecessor-version":[{"id":554,"href":"https:\/\/bezop.eu\/index.php\/wp-json\/wp\/v2\/pages\/541\/revisions\/554"}],"up":[{"embeddable":true,"href":"https:\/\/bezop.eu\/index.php\/wp-json\/wp\/v2\/pages\/25"}],"wp:featuredmedia":[{"embeddable":true,"href":"https:\/\/bezop.eu\/index.php\/wp-json\/wp\/v2\/media\/83"}],"wp:attachment":[{"href":"https:\/\/bezop.eu\/index.php\/wp-json\/wp\/v2\/media?parent=541"}],"curies":[{"name":"wp","href":"https:\/\/api.w.org\/{rel}","templated":true}]}}