{"id":505,"date":"2021-04-28T09:25:14","date_gmt":"2021-04-28T07:25:14","guid":{"rendered":"https:\/\/bezop.eu\/?page_id=505"},"modified":"2021-04-28T11:11:05","modified_gmt":"2021-04-28T09:11:05","slug":"meble-i-oswietlenie-ogrodowe","status":"publish","type":"page","link":"https:\/\/bezop.eu\/index.php\/produkty\/meble-i-oswietlenie-ogrodowe\/","title":{"rendered":"Meble i o\u015bwietlenie ogrodowe"},"content":{"rendered":"<p><div   data-size='featured_large'  data-lightbox_size='large'  data-animation='fade'  data-conditional_play=''  data-ids='513'  data-video_counter='0'  data-autoplay='true'  data-bg_slider='false'  data-slide_height=''  data-handle='av_slideshow'  data-interval='5'  data-class=' avia-builder-el-0  el_before_av_one_full  avia-builder-el-first  '  data-el_id=''  data-css_id=''  data-scroll_down=''  data-control_layout='av-control-hidden'  data-custom_markup=''  data-perma_caption=''  data-autoplay_stopper=''  data-image_attachment=''  data-min_height='0px'  data-lazy_loading='disabled'  data-default-height='42'  class='avia-slideshow avia-slideshow-1  av-control-hidden av-default-height-applied avia-slideshow-featured_large av_slideshow  avia-builder-el-0  el_before_av_one_full  avia-builder-el-first   avia-fade-slider '  itemprop=\"image\" itemscope=\"itemscope\" itemtype=\"https:\/\/schema.org\/ImageObject\" ><ul class='avia-slideshow-inner ' style='padding-bottom: 42%;' ><li  class=' av-single-slide slide-1 ' ><div data-rel='slideshow-1' class='avia-slide-wrap '   ><img decoding=\"async\" class=\"wp-image-513 avia-img-lazy-loading-not-513\"  src=\"https:\/\/bezop.eu\/wp-content\/uploads\/2021\/04\/classic4-1500x630.jpg\" width=\"1500\" height=\"630\" title='classic4' alt=''  itemprop=\"thumbnailUrl\"   \/><\/div><\/li><\/ul><\/div><br \/>\n<div class=\"flex_column av_one_full  av-animated-generic bottom-to-top  flex_column_div av-zero-column-padding first  avia-builder-el-1  el_after_av_slideshow  el_before_av_one_half  \" style='margin-top:0px; margin-bottom:0px; border-radius:0px; '><p><div  style='padding-bottom:0px; ' class='av-special-heading av-special-heading-h2  blockquote modern-quote  avia-builder-el-2  el_before_av_hr  avia-builder-el-first  '><h2 class='av-special-heading-tag '  itemprop=\"headline\"  >Meble i o\u015bwietlenie ogrodowe<\/h2><div class='special-heading-border'><div class='special-heading-inner-border' ><\/div><\/div><\/div><br \/>\n<div  style=' margin-top:10px; margin-bottom:10px;'  class='hr hr-custom hr-left hr-icon-no   avia-builder-el-3  el_after_av_heading  avia-builder-el-last '><span class='hr-inner  inner-border-av-border-fat' style=' width:50px; border-color:#efbb20;' ><span class='hr-inner-style'><\/span><\/span><\/div><\/p><\/div><br \/>\n<div class=\"flex_column av_one_half  av-animated-generic bottom-to-top  flex_column_div av-zero-column-padding first  avia-builder-el-4  el_after_av_one_full  el_before_av_one_half  column-top-margin\" style='margin-top:0px; margin-bottom:0px; border-radius:0px; '><section class=\"av_textblock_section \"  itemscope=\"itemscope\" itemtype=\"https:\/\/schema.org\/CreativeWork\" ><div class='avia_textblock  '   itemprop=\"text\" ><p>ALUMINCO w swojej ofercie posiada meble i s\u0142upy o\u015bwietleniowe z odlewanego aluminium, kt\u00f3re od wielu lat zdobi\u0105 ogrody, place miejskie i parki na ca\u0142ym \u015bwiecie.<\/p>\n<p>Od 1984 r ci\u0105g\u0142e wysi\u0142ki ALUMINCO w celu ulepszania swoich produkt\u00f3w i dostarczania unowocze\u015bnionych rozwi\u0105za\u0144 zaowocowa\u0142y poszerzeniem asortymentu produkt\u00f3w. Osi\u0105gni\u0119to to dzi\u0119ki badaniom, projektowaniu i produkcji s\u0142up\u00f3w o\u015bwietleniowych i latarni &#8211; CRONOS, ZEUS i REA &#8211; kt\u00f3re zosta\u0142y wzbogacone o cztery nowe wzory &#8211; PEGASUS, CARAVOLO, PIROFANI i PIRSOS &#8211; p\u00f3\u017aniej w 1997 roku, a tak\u017ce meble ogrodowe do tworzenie idealnych przestrzeni zewn\u0119trznych, zar\u00f3wno profesjonalnych, jak i domowych.<\/p>\n<\/div><\/section><\/div><div class=\"flex_column av_one_half  av-animated-generic bottom-to-top  flex_column_div av-zero-column-padding   avia-builder-el-6  el_after_av_one_half  el_before_av_one_full  column-top-margin\" style='margin-top:0px; margin-bottom:0px; border-radius:0px; '><div  class='avia-image-container  av-styling-    avia-builder-el-7  avia-builder-el-no-sibling  avia-align-center '  itemprop=\"image\" itemscope=\"itemscope\" itemtype=\"https:\/\/schema.org\/ImageObject\"  ><div class='avia-image-container-inner'><div class='avia-image-overlay-wrap'><img decoding=\"async\" class='wp-image-516 avia-img-lazy-loading-not-516 avia_image' src=\"https:\/\/bezop.eu\/wp-content\/uploads\/2021\/04\/classic6-207x300.jpg\" alt='' title='classic6' height=\"300\" width=\"207\"  itemprop=\"thumbnailUrl\" srcset=\"https:\/\/bezop.eu\/wp-content\/uploads\/2021\/04\/classic6-207x300.jpg 207w, https:\/\/bezop.eu\/wp-content\/uploads\/2021\/04\/classic6-709x1030.jpg 709w, https:\/\/bezop.eu\/wp-content\/uploads\/2021\/04\/classic6-768x1116.jpg 768w, https:\/\/bezop.eu\/wp-content\/uploads\/2021\/04\/classic6-1057x1536.jpg 1057w, https:\/\/bezop.eu\/wp-content\/uploads\/2021\/04\/classic6-1410x2048.jpg 1410w, https:\/\/bezop.eu\/wp-content\/uploads\/2021\/04\/classic6-1033x1500.jpg 1033w, https:\/\/bezop.eu\/wp-content\/uploads\/2021\/04\/classic6-485x705.jpg 485w, https:\/\/bezop.eu\/wp-content\/uploads\/2021\/04\/classic6-scaled.jpg 1762w\" sizes=\"(max-width: 207px) 100vw, 207px\" \/><\/div><\/div><\/div><\/div><div class=\"flex_column av_one_full  flex_column_div av-zero-column-padding first  avia-builder-el-8  el_after_av_one_half  el_before_av_one_full  column-top-margin\" style='border-radius:0px; '><section class=\"av_textblock_section \"  itemscope=\"itemscope\" itemtype=\"https:\/\/schema.org\/CreativeWork\" ><div class='avia_textblock  '   itemprop=\"text\" ><p>Ich cechy &#8211; trwa\u0142o\u015b\u0107, jako\u015b\u0107 i estetyka &#8211; sprawi\u0142y, \u017ce s\u0142upy o\u015bwietleniowe ALUMINCO to najlepszy wyb\u00f3r.<\/p>\n<p>Wszystkie produkty malujemy farbami elektrostatycznymi 50-70 mikr.<br \/>\nZastosowany odlew aluminiowy to AL SI 12.<br \/>\nZar\u00f3wno aluminium jako materia\u0142, jak i jego wyko\u0144czenie nadaj\u0105 si\u0119 do u\u017cytku na zewn\u0105trz i nie b\u0119d\u0105 wymaga\u0142y konserwacji.<br \/>\nS\u0142upy o\u015bwietleniowe posiadaj\u0105 certyfikat BUREAU VERITAS.<\/p>\n<\/div><\/section><\/div><div class=\"flex_column av_one_full  flex_column_div av-zero-column-padding first  avia-builder-el-10  el_after_av_one_full  avia-builder-el-last  column-top-margin\" style='border-radius:0px; '><div  class='avia-button-wrap avia-button-center  avia-builder-el-11  avia-builder-el-no-sibling ' ><a href='https:\/\/bezop.eu\/oswietlenie.pdf'  class='avia-button  avia-color-dark   avia-icon_select-yes-left-icon avia-size-large avia-position-center '  target=\"_blank\"  rel=\"noopener noreferrer\"  ><span class='avia_button_icon avia_button_icon_left ' aria-hidden='true' data-av_icon='\ue84e' data-av_iconfont='entypo-fontello'><\/span><span class='avia_iconbox_title' >Pobierz katalog<\/span><\/a><\/div><\/div><\/p>\n","protected":false},"excerpt":{"rendered":"","protected":false},"author":1,"featured_media":0,"parent":25,"menu_order":0,"comment_status":"closed","ping_status":"closed","template":"","meta":{"footnotes":""},"class_list":["post-505","page","type-page","status-publish","hentry"],"_links":{"self":[{"href":"https:\/\/bezop.eu\/index.php\/wp-json\/wp\/v2\/pages\/505","targetHints":{"allow":["GET"]}}],"collection":[{"href":"https:\/\/bezop.eu\/index.php\/wp-json\/wp\/v2\/pages"}],"about":[{"href":"https:\/\/bezop.eu\/index.php\/wp-json\/wp\/v2\/types\/page"}],"author":[{"embeddable":true,"href":"https:\/\/bezop.eu\/index.php\/wp-json\/wp\/v2\/users\/1"}],"replies":[{"embeddable":true,"href":"https:\/\/bezop.eu\/index.php\/wp-json\/wp\/v2\/comments?post=505"}],"version-history":[{"count":6,"href":"https:\/\/bezop.eu\/index.php\/wp-json\/wp\/v2\/pages\/505\/revisions"}],"predecessor-version":[{"id":540,"href":"https:\/\/bezop.eu\/index.php\/wp-json\/wp\/v2\/pages\/505\/revisions\/540"}],"up":[{"embeddable":true,"href":"https:\/\/bezop.eu\/index.php\/wp-json\/wp\/v2\/pages\/25"}],"wp:attachment":[{"href":"https:\/\/bezop.eu\/index.php\/wp-json\/wp\/v2\/media?parent=505"}],"curies":[{"name":"wp","href":"https:\/\/api.w.org\/{rel}","templated":true}]}}