{"id":113,"date":"2015-10-22T14:34:37","date_gmt":"2015-10-22T12:34:37","guid":{"rendered":"http:\/\/test.kriesi.at\/construction\/?page_id=113"},"modified":"2022-10-24T09:14:50","modified_gmt":"2022-10-24T07:14:50","slug":"fotowoltaika","status":"publish","type":"page","link":"https:\/\/bezop.eu\/index.php\/produkty\/fotowoltaika\/","title":{"rendered":"Fotowoltaika"},"content":{"rendered":"<p><div   data-size='featured_large'  data-lightbox_size='large'  data-animation='fade'  data-conditional_play=''  data-ids='366'  data-video_counter='0'  data-autoplay='true'  data-bg_slider='false'  data-slide_height=''  data-handle='av_slideshow'  data-interval='5'  data-class=' avia-builder-el-0  el_before_av_one_full  avia-builder-el-first  '  data-el_id=''  data-css_id=''  data-scroll_down=''  data-control_layout='av-control-hidden'  data-custom_markup=''  data-perma_caption=''  data-autoplay_stopper=''  data-image_attachment=''  data-min_height='0px'  data-lazy_loading='disabled'  data-default-height='42'  class='avia-slideshow avia-slideshow-1  av-control-hidden av-default-height-applied avia-slideshow-featured_large av_slideshow  avia-builder-el-0  el_before_av_one_full  avia-builder-el-first   avia-fade-slider '  itemprop=\"image\" itemscope=\"itemscope\" itemtype=\"https:\/\/schema.org\/ImageObject\" ><ul class='avia-slideshow-inner ' style='padding-bottom: 42%;' ><li  class=' av-single-slide slide-1 ' ><div data-rel='slideshow-1' class='avia-slide-wrap '   ><img decoding=\"async\" class=\"wp-image-366 avia-img-lazy-loading-not-366\"  src=\"https:\/\/bezop.eu\/wp-content\/uploads\/2021\/03\/fotowoltaika-1500x630.jpg\" width=\"1500\" height=\"630\" title='fotowoltaika' alt=''  itemprop=\"thumbnailUrl\"   \/><\/div><\/li><\/ul><\/div><br \/>\n<div class=\"flex_column av_one_full  av-animated-generic bottom-to-top  flex_column_div av-zero-column-padding first  avia-builder-el-1  el_after_av_slideshow  el_before_av_one_half  \" style='margin-top:0px; margin-bottom:0px; border-radius:0px; '><p><div  style='padding-bottom:0px; ' class='av-special-heading av-special-heading-h2  blockquote modern-quote  avia-builder-el-2  el_before_av_hr  avia-builder-el-first  '><h2 class='av-special-heading-tag '  itemprop=\"headline\"  >Fotowoltaika<\/h2><div class='special-heading-border'><div class='special-heading-inner-border' ><\/div><\/div><\/div><br \/>\n<div  style=' margin-top:10px; margin-bottom:10px;'  class='hr hr-custom hr-left hr-icon-no   avia-builder-el-3  el_after_av_heading  avia-builder-el-last '><span class='hr-inner  inner-border-av-border-fat' style=' width:50px; border-color:#efbb20;' ><span class='hr-inner-style'><\/span><\/span><\/div><\/p><\/div><br \/>\n<div class=\"flex_column av_one_half  av-animated-generic bottom-to-top  flex_column_div av-zero-column-padding first  avia-builder-el-4  el_after_av_one_full  el_before_av_one_half  column-top-margin\" style='margin-top:0px; margin-bottom:0px; border-radius:0px; '><section class=\"av_textblock_section \"  itemscope=\"itemscope\" itemtype=\"https:\/\/schema.org\/CreativeWork\" ><div class='avia_textblock  '   itemprop=\"text\" ><p>Systemy do mocowania paneli fotowoltaicznych na dachach p\u0142askich, pochy\u0142ych, oraz na przestrzeniach otwartych. Wychodz\u0105c naprzeciw potrzebom mi\u0119dzynarodowej spo\u0142eczno\u015bci architekt\u00f3w, designer\u00f3w, in\u017cynier\u00f3w, ekspert\u00f3w budowlanych oraz wykonawc\u00f3w, ALUMINCO przygotowa\u0142o wyczerpuj\u0105c\u0105 gam\u0119 aluminiowych rozwi\u0105za\u0144 architektonicznych, kt\u00f3re s\u0105 innowacyjne, energetycznie wydajne i zr\u00f3wnowa\u017cone.<\/p>\n<p>ALUMINCO jest sp\u00f3\u0142k\u0105 posiadaj\u0105c\u0105 certyfikaty ISO 9001 i ISO 14001, akredytowan\u0105 przez QUALICOAT SEASIDE CLASS, za\u015b wszystkie oferowane przez ni\u0105 produkty s\u0105 certyfikowane przez mi\u0119dzynarodowe organizacje ze wzgl\u0119du na swoje wyj\u0105tkowe w\u0142a\u015bciwo\u015bci i efektywno\u015b\u0107.<\/p>\n<\/div><\/section><\/div><br \/>\n<div class=\"flex_column av_one_half  av-animated-generic bottom-to-top  flex_column_div av-zero-column-padding   avia-builder-el-6  el_after_av_one_half  el_before_av_one_third  column-top-margin\" style='margin-top:0px; margin-bottom:0px; border-radius:0px; '><section class=\"av_textblock_section \"  itemscope=\"itemscope\" itemtype=\"https:\/\/schema.org\/CreativeWork\" ><div class='avia_textblock  '   itemprop=\"text\" ><p>Jako Generalny Dystrybutor produkt\u00f3w firmy ALUMINCO, oferujemy szerok\u0105 gam\u0119 profili ze stop\u00f3w 6060, 6063, 6082:<\/p>\n<ul>\n<li>Profile o przekroju standardowym (rury okr\u0105g\u0142e, p\u0142askowniki, profile w kszta\u0142cie litery L, rury kwadratowe, prostok\u0105tne itp.)<\/li>\n<li>Profile zaprojektowane na zam\u00f3wienie<\/li>\n<li>Systemy monta\u017cowe P\/V<\/li>\n<li>Profile prefabrykowane<\/li>\n<\/ul>\n<\/div><\/section><\/div><br \/>\n<div class=\"flex_column av_one_third  flex_column_div av-zero-column-padding first  avia-builder-el-8  el_after_av_one_half  el_before_av_one_third  column-top-margin\" style='border-radius:0px; '><div  class='avia-button-wrap avia-button-center  avia-builder-el-9  avia-builder-el-no-sibling ' ><a href='https:\/\/bezop.eu\/ALUMINCO%20Fotowoltaika.pdf'  class='avia-button  avia-color-dark   avia-icon_select-yes-left-icon avia-size-large avia-position-center '  target=\"_blank\"  rel=\"noopener noreferrer\"  ><span class='avia_button_icon avia_button_icon_left ' aria-hidden='true' data-av_icon='\ue84e' data-av_iconfont='entypo-fontello'><\/span><span class='avia_iconbox_title' >Pobierz katalog<\/span><\/a><\/div><\/div><br \/>\n<div class=\"flex_column av_one_third  flex_column_div av-zero-column-padding   avia-builder-el-10  el_after_av_one_third  el_before_av_one_third  column-top-margin\" style='border-radius:0px; '><div  class='avia-button-wrap avia-button-center  avia-builder-el-11  avia-builder-el-no-sibling ' ><a href='https:\/\/bezop.eu\/index.php\/kontakt\/'  class='avia-button  avia-color-dark   avia-icon_select-yes-left-icon avia-size-large avia-position-center '   ><span class='avia_button_icon avia_button_icon_left ' aria-hidden='true' data-av_icon='\ue836' data-av_iconfont='entypo-fontello'><\/span><span class='avia_iconbox_title' >Skontaktuj si\u0119 z nami!<\/span><\/a><\/div><\/div><br \/>\n<div class=\"flex_column av_one_third  flex_column_div av-zero-column-padding   avia-builder-el-12  el_after_av_one_third  el_before_av_one_full  column-top-margin\" style='border-radius:0px; '><\/div><div class=\"flex_column av_one_full  av-animated-generic bottom-to-top  flex_column_div av-zero-column-padding first  avia-builder-el-13  el_after_av_one_third  avia-builder-el-last  column-top-margin\" style='border-radius:0px; '><div   class=\"togglecontainer   toggle_close_all  avia-builder-el-14  avia-builder-el-no-sibling \" >\n<section class=\"av_toggle_section\"  itemscope=\"itemscope\" itemtype=\"https:\/\/schema.org\/CreativeWork\"  >    <div role=\"tablist\" class=\"single_toggle\" data-tags=\"{Wszystko} \"  >        <p data-fake-id=\"#toggle-id-1\" class=\"toggler activeTitle\"  itemprop=\"headline\"    role=\"tab\" tabindex=\"0\" aria-controls=\"toggle-id-1\">ELECTRA II<span class=\"toggle_icon\" >        <span class=\"vert_icon\"><\/span><span class=\"hor_icon\"><\/span><\/span><\/p>        <div id=\"toggle-id-1\" class=\"toggle_wrap active_tc\"  style='display:block;' >            <div class=\"toggle_content invers-color \"  itemprop=\"text\"   ><p><strong>ELECTRA II<\/strong> jest zaprojektowany pod k\u0105tem kompatybilno\u015bci z dachami p\u0142askimi i w taki spos\u00f3b, by umo\u017cliwi\u0107 monta\u017c paneli polikrystalicznych, monokrystalicznych, oraz cienkich paneli fotowoltaicznych. System dostarczany jest w formie osobnych profili aluminiowych i innych element\u00f3w monta\u017cowych lub w postaci gotowej do monta\u017cu, fabrycznie przyci\u0119ty i z otworami nawierconymi zgodnie z rozmiarami przewidzianych do niego paneli i potrzebami danego projektu.<\/p>\n<p>System ELECTRA II mo\u017ce by\u0107 zamontowany na dachu budynku lub na parapecie (przed\u0142u\u017ceniu \u015bciany przed\u0142u\u017conym ponad powierzchni\u0119 dachu) za pomoc\u0105 specjalnie zaprojektowanej konstrukcji. System ten nachyla panele do okre\u015blonego k\u0105ta od 15\u00b0 do 45\u00b0.<\/p>\n<p>ELECTRA II wdra\u017ca specjalne rozwi\u0105zania u\u0142atwiaj\u0105ce jego monta\u017c dzi\u0119ki zastosowaniu specjalnej aluminiowej \u015bruby, kt\u00f3ra mo\u017ce by\u0107 zamocowana w dowolnym miejscu na ca\u0142ej d\u0142ugo\u015bci szyny monta\u017cowej, niewymagaj\u0105c wsuwania jej od kraw\u0119dzi szyny. Do monta\u017cu systemu wystarcz\u0105 wy\u0142\u0105cznie proste ci\u0119cia i nawierty, co eliminuje konieczno\u015b\u0107 organizowania specjalistycznych narz\u0119dzi. Pozwala to ka\u017cdemu na tani monta\u017c tego systemu, niezale\u017cnie od wielko\u015bci podj\u0119tego projektu.<\/p>\n            <\/div>        <\/div>    <\/div><\/section>\n<section class=\"av_toggle_section\"  itemscope=\"itemscope\" itemtype=\"https:\/\/schema.org\/CreativeWork\"  >    <div role=\"tablist\" class=\"single_toggle\" data-tags=\"{Wszystko} \"  >        <p data-fake-id=\"#toggle-id-2\" class=\"toggler \"  itemprop=\"headline\"    role=\"tab\" tabindex=\"0\" aria-controls=\"toggle-id-2\">ESTIA<span class=\"toggle_icon\" >        <span class=\"vert_icon\"><\/span><span class=\"hor_icon\"><\/span><\/span><\/p>        <div id=\"toggle-id-2\" class=\"toggle_wrap \"   >            <div class=\"toggle_content invers-color \"  itemprop=\"text\"   ><p><strong>ESTIA<\/strong> &#8211; System do montowania paneli PV na dachach z dach\u00f3wkami ceramicznymi.System ESTIA do dach\u00f3w z ceramicznymi dach\u00f3wkami wykorzystuje nowatorskie rozwi\u0105zanie autorstwa ALUMINCO w postaci obj\u0119tych mi\u0119dzynarodowym patentem, aluminiowych dach\u00f3wek, zapewniaj\u0105cych du\u017c\u0105 wodoszczelno\u015b\u0107 dachu i niedopuszczaj\u0105cych wilgoci do wn\u0119trza domu.<\/p>\n<p>Do monta\u017cu systemu ESTIA u\u017cywa si\u0119 profili monta\u017cowych z mo\u017cliwo\u015bci\u0105 u\u0142o\u017cenia zar\u00f3wno poziomo, jak i pionowo, co pozwala zapewni\u0107 odpowiedni\u0105 przestrze\u0144 pod panelami dla cel\u00f3w wentylacyjnych Innowacyjna aluminiowa dach\u00f3wka od ALUMINCO zapewnia bezpieczne, szybkie i \u0142atwe rozwi\u0105zanie monta\u017cowe. Poprzez wyeliminowanie konieczno\u015bci wiercenia w dach\u00f3wkach ceramicznych system ten gwarantuje du\u017c\u0105 wodoszczelno\u015b\u0107 ca\u0142ej instalacji. Aluminiowe dach\u00f3wki dost\u0119pne s\u0105 w 4 r\u00f3\u017cnych stylach &#8211; rzymskim, holenderskim, francuskim i szwedzkim.<\/p>\n<p>Zapewnia to ich kompatybilno\u015b\u0107 z wszystkimi standardowymi stylami dach\u00f3wek dost\u0119pnymi na rynku. Zastosowanie aluminiowych dach\u00f3wek umo\u017cliwia szybszy monta\u017c instalacji w stosunku do tradycyjnych rozwi\u0105za\u0144 u\u017cywaj\u0105cych metalowe klamry mocuj\u0105ce. Projekt dach\u00f3wek aluminiowych obj\u0119ty jest mi\u0119dzynarodowym patentem<\/p>\n            <\/div>        <\/div>    <\/div><\/section>\n<section class=\"av_toggle_section\"  itemscope=\"itemscope\" itemtype=\"https:\/\/schema.org\/CreativeWork\"  >    <div role=\"tablist\" class=\"single_toggle\" data-tags=\"{Wszystko} \"  >        <p data-fake-id=\"#toggle-id-3\" class=\"toggler \"  itemprop=\"headline\"    role=\"tab\" tabindex=\"0\" aria-controls=\"toggle-id-3\">FAETHON II<span class=\"toggle_icon\" >        <span class=\"vert_icon\"><\/span><span class=\"hor_icon\"><\/span><\/span><\/p>        <div id=\"toggle-id-3\" class=\"toggle_wrap \"   >            <div class=\"toggle_content invers-color \"  itemprop=\"text\"   ><p><strong>FAETHON II<\/strong> -System do montowania paneli s\u0142onecznych na farmach solarnych (monta\u017c w terenie)<br \/>\nModularna konstrukcja zapewnia mu zwi\u0119kszony zakres zastosowa\u0144 pod wzgl\u0119dem wyboru k\u0105ta nachylenia, odleg\u0142o\u015bci pomi\u0119dzy najni\u017cszym panelem s\u0142onecznym a pod\u0142o\u017cem oraz maksymalnej liczby paneli, kt\u00f3re mo\u017cna zainstalowa\u0107 wzd\u0142u\u017c jego osi pionowej.<\/p>\n<p>Jedn\u0105 z g\u0142\u00f3wnych zalet tego systemu jest zastosowanie specjalnej aluminiowej \u015bruby do monta\u017cu, kt\u00f3ra mo\u017ce by\u0107 zamocowana w dowolnym miejscu na ca\u0142ej d\u0142ugo\u015bci szyny monta\u017cowej, niewymagaj\u0105c wsuwania jej od kraw\u0119dzi szyny. Spos\u00f3b zamocowania st\u00f3p monta\u017cowych pozwala na korygowanie wszelkich odchy\u0142\u00f3w od poziomu, kt\u00f3re mog\u0142yby powsta\u0107 ze wzgl\u0119du na charakter pod\u0142o\u017ca, na kt\u00f3rym instalowana jest farma solarna (np. wkr\u0119ty uziemiaj\u0105ce, s\u0142upy na podstawach betonowych, itp.) w zakresie do 7 cm (\u00b13,5 cm) na ka\u017cdej stopie.<\/p>\n<p>Do monta\u017cu systemu wystarcz\u0105 wy\u0142\u0105cznie proste ci\u0119cia i nawierty, co eliminuje konieczno\u015b\u0107 organizowania specjalistycznych narz\u0119dzi. Pozwala to ka\u017cdemu na tani monta\u017c tego systemu, niezale\u017cnie od wielko\u015bci podj\u0119tego projektu. Monterzy mog\u0105 \u0142atwo i samodzielnie zbudowa\u0107 konstrukcje systemu, co pozwala na jego b\u0142yskawiczny monta\u017c, minimalizuj\u0105c ilo\u015b\u0107 czasu, kt\u00f3r\u0105 monterzy musz\u0105 sp\u0119dzi\u0107 na instalacji w terenie.<\/p>\n            <\/div>        <\/div>    <\/div><\/section>\n<\/div><\/div><\/p>\n","protected":false},"excerpt":{"rendered":"","protected":false},"author":1,"featured_media":83,"parent":25,"menu_order":0,"comment_status":"closed","ping_status":"closed","template":"","meta":{"footnotes":""},"class_list":["post-113","page","type-page","status-publish","has-post-thumbnail","hentry"],"_links":{"self":[{"href":"https:\/\/bezop.eu\/index.php\/wp-json\/wp\/v2\/pages\/113","targetHints":{"allow":["GET"]}}],"collection":[{"href":"https:\/\/bezop.eu\/index.php\/wp-json\/wp\/v2\/pages"}],"about":[{"href":"https:\/\/bezop.eu\/index.php\/wp-json\/wp\/v2\/types\/page"}],"author":[{"embeddable":true,"href":"https:\/\/bezop.eu\/index.php\/wp-json\/wp\/v2\/users\/1"}],"replies":[{"embeddable":true,"href":"https:\/\/bezop.eu\/index.php\/wp-json\/wp\/v2\/comments?post=113"}],"version-history":[{"count":6,"href":"https:\/\/bezop.eu\/index.php\/wp-json\/wp\/v2\/pages\/113\/revisions"}],"predecessor-version":[{"id":583,"href":"https:\/\/bezop.eu\/index.php\/wp-json\/wp\/v2\/pages\/113\/revisions\/583"}],"up":[{"embeddable":true,"href":"https:\/\/bezop.eu\/index.php\/wp-json\/wp\/v2\/pages\/25"}],"wp:featuredmedia":[{"embeddable":true,"href":"https:\/\/bezop.eu\/index.php\/wp-json\/wp\/v2\/media\/83"}],"wp:attachment":[{"href":"https:\/\/bezop.eu\/index.php\/wp-json\/wp\/v2\/media?parent=113"}],"curies":[{"name":"wp","href":"https:\/\/api.w.org\/{rel}","templated":true}]}}